{"id":3438,"date":"2023-08-09T00:36:04","date_gmt":"2023-08-09T00:36:04","guid":{"rendered":"https:\/\/www.jardinor.com.ec\/inicio\/?post_type=product&#038;p=3438"},"modified":"2023-08-09T01:40:18","modified_gmt":"2023-08-09T01:40:18","slug":"coral-reef","status":"publish","type":"product","link":"https:\/\/www.jardinor.com.ec\/inicio\/producto\/coral-reef\/","title":{"rendered":"Coral Reef"},"content":{"rendered":"<div  class='flex_column av-5nabfy-f54f5df86e9e41faee5c6126a8d7524c av_two_fifth  avia-builder-el-0  el_before_av_one_half  avia-builder-el-first  first flex_column_div  '     ><div  class='avia-slideshow av-ll2zz6qv-90a19780b93439ffd6c51b0bfe817d6c avia-slideshow-no scaling av_slideshow avia-fade-slider  avia-builder-el-1  avia-builder-el-no-sibling  av-slideshow-ui av-control-hidden av-no-slider-navigation av-hide-nav-arrows av-slideshow-autoplay av-loop-endless av-loop-manual-endless av-default-height-applied avia-slideshow-1' data-slideshow-options=\"{&quot;animation&quot;:&quot;fade&quot;,&quot;autoplay&quot;:true,&quot;loop_autoplay&quot;:&quot;endless&quot;,&quot;interval&quot;:3,&quot;loop_manual&quot;:&quot;manual-endless&quot;,&quot;autoplay_stopper&quot;:false,&quot;noNavigation&quot;:true,&quot;bg_slider&quot;:false,&quot;keep_padding&quot;:false,&quot;hoverpause&quot;:false,&quot;show_slide_delay&quot;:0}\"  itemprop=\"image\" itemscope=\"itemscope\" itemtype=\"https:\/\/schema.org\/ImageObject\" ><ul class='avia-slideshow-inner ' style='padding-bottom: 100%;'><li  class='avia-slideshow-slide av-ll2zz6qv-90a19780b93439ffd6c51b0bfe817d6c__0  slide-1 slide-odd'><div data-rel='slideshow-1' class='avia-slide-wrap '   ><img decoding=\"async\" class=\"wp-image-3439 avia-img-lazy-loading-not-3439\"  src=\"https:\/\/www.jardinor.com.ec\/inicio\/wp-content\/uploads\/2023\/08\/CoralReef.jpeg\" width=\"1280\" height=\"1280\" title='CoralReef' alt=''  itemprop=\"thumbnailUrl\" srcset=\"https:\/\/www.jardinor.com.ec\/inicio\/wp-content\/uploads\/2023\/08\/CoralReef.jpeg 1280w, https:\/\/www.jardinor.com.ec\/inicio\/wp-content\/uploads\/2023\/08\/CoralReef-300x300.jpeg 300w, https:\/\/www.jardinor.com.ec\/inicio\/wp-content\/uploads\/2023\/08\/CoralReef-1030x1030.jpeg 1030w, https:\/\/www.jardinor.com.ec\/inicio\/wp-content\/uploads\/2023\/08\/CoralReef-80x80.jpeg 80w, https:\/\/www.jardinor.com.ec\/inicio\/wp-content\/uploads\/2023\/08\/CoralReef-768x768.jpeg 768w, https:\/\/www.jardinor.com.ec\/inicio\/wp-content\/uploads\/2023\/08\/CoralReef-36x36.jpeg 36w, https:\/\/www.jardinor.com.ec\/inicio\/wp-content\/uploads\/2023\/08\/CoralReef-180x180.jpeg 180w, https:\/\/www.jardinor.com.ec\/inicio\/wp-content\/uploads\/2023\/08\/CoralReef-705x705.jpeg 705w, https:\/\/www.jardinor.com.ec\/inicio\/wp-content\/uploads\/2023\/08\/CoralReef-120x120.jpeg 120w, https:\/\/www.jardinor.com.ec\/inicio\/wp-content\/uploads\/2023\/08\/CoralReef-450x450.jpeg 450w, https:\/\/www.jardinor.com.ec\/inicio\/wp-content\/uploads\/2023\/08\/CoralReef-600x600.jpeg 600w, https:\/\/www.jardinor.com.ec\/inicio\/wp-content\/uploads\/2023\/08\/CoralReef-100x100.jpeg 100w\" sizes=\"(max-width: 1280px) 100vw, 1280px\" \/><\/div><\/li><li  class='avia-slideshow-slide av-ll2zz6qv-90a19780b93439ffd6c51b0bfe817d6c__1  slide-2 slide-even'><div data-rel='slideshow-1' class='avia-slide-wrap '   ><img decoding=\"async\" class=\"wp-image-3472 avia-img-lazy-loading-not-3472\"  src=\"https:\/\/www.jardinor.com.ec\/inicio\/wp-content\/uploads\/2023\/08\/CoralReef2.jpeg\" width=\"1280\" height=\"1280\" title='CoralReef2' alt=''  itemprop=\"thumbnailUrl\" srcset=\"https:\/\/www.jardinor.com.ec\/inicio\/wp-content\/uploads\/2023\/08\/CoralReef2.jpeg 1280w, https:\/\/www.jardinor.com.ec\/inicio\/wp-content\/uploads\/2023\/08\/CoralReef2-300x300.jpeg 300w, https:\/\/www.jardinor.com.ec\/inicio\/wp-content\/uploads\/2023\/08\/CoralReef2-1030x1030.jpeg 1030w, https:\/\/www.jardinor.com.ec\/inicio\/wp-content\/uploads\/2023\/08\/CoralReef2-80x80.jpeg 80w, https:\/\/www.jardinor.com.ec\/inicio\/wp-content\/uploads\/2023\/08\/CoralReef2-768x768.jpeg 768w, https:\/\/www.jardinor.com.ec\/inicio\/wp-content\/uploads\/2023\/08\/CoralReef2-36x36.jpeg 36w, https:\/\/www.jardinor.com.ec\/inicio\/wp-content\/uploads\/2023\/08\/CoralReef2-180x180.jpeg 180w, https:\/\/www.jardinor.com.ec\/inicio\/wp-content\/uploads\/2023\/08\/CoralReef2-705x705.jpeg 705w, https:\/\/www.jardinor.com.ec\/inicio\/wp-content\/uploads\/2023\/08\/CoralReef2-120x120.jpeg 120w, https:\/\/www.jardinor.com.ec\/inicio\/wp-content\/uploads\/2023\/08\/CoralReef2-450x450.jpeg 450w, https:\/\/www.jardinor.com.ec\/inicio\/wp-content\/uploads\/2023\/08\/CoralReef2-600x600.jpeg 600w, https:\/\/www.jardinor.com.ec\/inicio\/wp-content\/uploads\/2023\/08\/CoralReef2-100x100.jpeg 100w\" sizes=\"(max-width: 1280px) 100vw, 1280px\" \/><\/div><\/li><\/ul><div class='avia-slideshow-arrows avia-slideshow-controls' ><a href='#prev' class='prev-slide ' aria-hidden='true' data-av_icon='\ue87c' data-av_iconfont='entypo-fontello'  tabindex='-1'>Anterior<\/a><a href='#next' class='next-slide ' aria-hidden='true' data-av_icon='\ue87d' data-av_iconfont='entypo-fontello'  tabindex='-1'>Posterior<\/a><\/div><\/div><\/div><div  class='flex_column av-2jc6ke-b73602bc20710bd9f48c1b66e11c323f av_one_half  avia-builder-el-2  el_after_av_two_fifth  avia-builder-el-last  flex_column_div  '     ><p>\n<style type=\"text\/css\" data-created_by=\"avia_inline_auto\" id=\"style-css-av-ll2zzf4w-a8923baec85c9a1b8cff513dc5ceec3c\">\n#top .av-special-heading.av-ll2zzf4w-a8923baec85c9a1b8cff513dc5ceec3c{\npadding-bottom:10px;\n}\nbody .av-special-heading.av-ll2zzf4w-a8923baec85c9a1b8cff513dc5ceec3c .av-special-heading-tag .heading-char{\nfont-size:25px;\n}\n.av-special-heading.av-ll2zzf4w-a8923baec85c9a1b8cff513dc5ceec3c .av-subheading{\nfont-size:15px;\n}\n<\/style>\n<div  class='av-special-heading av-ll2zzf4w-a8923baec85c9a1b8cff513dc5ceec3c av-special-heading-h2 blockquote modern-quote  avia-builder-el-3  el_before_av_textblock  avia-builder-el-first '><h2 class='av-special-heading-tag'  itemprop=\"headline\"  >Coral Reef<\/h2><div class=\"special-heading-border\"><div class=\"special-heading-inner-border\"><\/div><\/div><\/div><br \/>\n\n<style type=\"text\/css\" data-created_by=\"avia_inline_auto\" id=\"style-css-av-ll301oz8-efb9160529b7289396f9102bf5f7b7d0\">\n#top .av_textblock_section.av-ll301oz8-efb9160529b7289396f9102bf5f7b7d0 .avia_textblock{\nfont-size:18px;\n}\n<\/style>\n<section  class='av_textblock_section av-ll301oz8-efb9160529b7289396f9102bf5f7b7d0 '   itemscope=\"itemscope\" itemtype=\"https:\/\/schema.org\/CreativeWork\" ><div class='avia_textblock'  itemprop=\"text\" ><p>La rosa ecuatoriana Coral Reef tiene un color colar intenso, una apertura tradicional, gran n\u00famero de p\u00e9talos y buen tama\u00f1o de bot\u00f3n.<\/p>\n<p>COLOR: Coral<br \/>\nMEDIDAS (CM): 50-60-70-80<br \/>\nD\u00cdAS EN EL FLORERO: 10-14<br \/>\nP\u00c9TALOS: 45<\/p>\n<\/div><\/section><\/p><\/div><\/p>\n","protected":false},"excerpt":{"rendered":"","protected":false},"featured_media":3439,"template":"","meta":[],"product_cat":[35],"product_tag":[],"_links":{"self":[{"href":"https:\/\/www.jardinor.com.ec\/inicio\/wp-json\/wp\/v2\/product\/3438"}],"collection":[{"href":"https:\/\/www.jardinor.com.ec\/inicio\/wp-json\/wp\/v2\/product"}],"about":[{"href":"https:\/\/www.jardinor.com.ec\/inicio\/wp-json\/wp\/v2\/types\/product"}],"wp:featuredmedia":[{"embeddable":true,"href":"https:\/\/www.jardinor.com.ec\/inicio\/wp-json\/wp\/v2\/media\/3439"}],"wp:attachment":[{"href":"https:\/\/www.jardinor.com.ec\/inicio\/wp-json\/wp\/v2\/media?parent=3438"}],"wp:term":[{"taxonomy":"product_cat","embeddable":true,"href":"https:\/\/www.jardinor.com.ec\/inicio\/wp-json\/wp\/v2\/product_cat?post=3438"},{"taxonomy":"product_tag","embeddable":true,"href":"https:\/\/www.jardinor.com.ec\/inicio\/wp-json\/wp\/v2\/product_tag?post=3438"}],"curies":[{"name":"wp","href":"https:\/\/api.w.org\/{rel}","templated":true}]}}