{"id":3374,"date":"2023-08-07T19:43:06","date_gmt":"2023-08-07T19:43:06","guid":{"rendered":"https:\/\/www.jardinor.com.ec\/inicio\/?post_type=product&#038;p=3374"},"modified":"2023-08-09T00:08:43","modified_gmt":"2023-08-09T00:08:43","slug":"atomic","status":"publish","type":"product","link":"https:\/\/www.jardinor.com.ec\/inicio\/producto\/atomic\/","title":{"rendered":"Atomic"},"content":{"rendered":"<div  class='flex_column av-815vou-fb5fdb6953fc69d2e26eab7e8b51159c av_two_fifth  avia-builder-el-0  el_before_av_one_half  avia-builder-el-first  first flex_column_div  '     ><div  class='avia-slideshow av-ll19osut-03c271cd3f5506229f2028ca87d62a13 avia-slideshow-no scaling av_slideshow avia-fade-slider  avia-builder-el-1  avia-builder-el-no-sibling  av-slideshow-ui av-control-hidden av-no-slider-navigation av-hide-nav-arrows av-slideshow-autoplay av-loop-endless av-loop-manual-endless av-default-height-applied avia-slideshow-1' data-slideshow-options=\"{&quot;animation&quot;:&quot;fade&quot;,&quot;autoplay&quot;:true,&quot;loop_autoplay&quot;:&quot;endless&quot;,&quot;interval&quot;:3,&quot;loop_manual&quot;:&quot;manual-endless&quot;,&quot;autoplay_stopper&quot;:false,&quot;noNavigation&quot;:true,&quot;bg_slider&quot;:false,&quot;keep_padding&quot;:false,&quot;hoverpause&quot;:false,&quot;show_slide_delay&quot;:0}\"  itemprop=\"image\" itemscope=\"itemscope\" itemtype=\"https:\/\/schema.org\/ImageObject\" ><ul class='avia-slideshow-inner ' style='padding-bottom: 99.666666666667%;'><li  class='avia-slideshow-slide av-ll19osut-03c271cd3f5506229f2028ca87d62a13__0  slide-1 slide-odd'><div data-rel='slideshow-1' class='avia-slide-wrap '   ><img decoding=\"async\" class=\"wp-image-3375 avia-img-lazy-loading-not-3375\"  src=\"https:\/\/www.jardinor.com.ec\/inicio\/wp-content\/uploads\/2023\/08\/13-ATOMIC.jpg\" width=\"600\" height=\"598\" title='13-ATOMIC' alt=''  itemprop=\"thumbnailUrl\" srcset=\"https:\/\/www.jardinor.com.ec\/inicio\/wp-content\/uploads\/2023\/08\/13-ATOMIC.jpg 600w, https:\/\/www.jardinor.com.ec\/inicio\/wp-content\/uploads\/2023\/08\/13-ATOMIC-300x300.jpg 300w, https:\/\/www.jardinor.com.ec\/inicio\/wp-content\/uploads\/2023\/08\/13-ATOMIC-80x80.jpg 80w, https:\/\/www.jardinor.com.ec\/inicio\/wp-content\/uploads\/2023\/08\/13-ATOMIC-36x36.jpg 36w, https:\/\/www.jardinor.com.ec\/inicio\/wp-content\/uploads\/2023\/08\/13-ATOMIC-180x180.jpg 180w, https:\/\/www.jardinor.com.ec\/inicio\/wp-content\/uploads\/2023\/08\/13-ATOMIC-120x120.jpg 120w, https:\/\/www.jardinor.com.ec\/inicio\/wp-content\/uploads\/2023\/08\/13-ATOMIC-450x449.jpg 450w, https:\/\/www.jardinor.com.ec\/inicio\/wp-content\/uploads\/2023\/08\/13-ATOMIC-100x100.jpg 100w\" sizes=\"(max-width: 600px) 100vw, 600px\" \/><\/div><\/li><li  class='avia-slideshow-slide av-ll19osut-03c271cd3f5506229f2028ca87d62a13__1  slide-2 slide-even'><div data-rel='slideshow-1' class='avia-slide-wrap '   ><img decoding=\"async\" class=\"wp-image-3376 avia-img-lazy-loading-not-3376\"  src=\"https:\/\/www.jardinor.com.ec\/inicio\/wp-content\/uploads\/2023\/08\/ATOMIC.jpg\" width=\"600\" height=\"598\" title='ATOMIC' alt=''  itemprop=\"thumbnailUrl\" srcset=\"https:\/\/www.jardinor.com.ec\/inicio\/wp-content\/uploads\/2023\/08\/ATOMIC.jpg 600w, https:\/\/www.jardinor.com.ec\/inicio\/wp-content\/uploads\/2023\/08\/ATOMIC-300x300.jpg 300w, https:\/\/www.jardinor.com.ec\/inicio\/wp-content\/uploads\/2023\/08\/ATOMIC-80x80.jpg 80w, https:\/\/www.jardinor.com.ec\/inicio\/wp-content\/uploads\/2023\/08\/ATOMIC-36x36.jpg 36w, https:\/\/www.jardinor.com.ec\/inicio\/wp-content\/uploads\/2023\/08\/ATOMIC-180x180.jpg 180w, https:\/\/www.jardinor.com.ec\/inicio\/wp-content\/uploads\/2023\/08\/ATOMIC-120x120.jpg 120w, https:\/\/www.jardinor.com.ec\/inicio\/wp-content\/uploads\/2023\/08\/ATOMIC-450x449.jpg 450w, https:\/\/www.jardinor.com.ec\/inicio\/wp-content\/uploads\/2023\/08\/ATOMIC-100x100.jpg 100w\" sizes=\"(max-width: 600px) 100vw, 600px\" \/><\/div><\/li><\/ul><div class='avia-slideshow-arrows avia-slideshow-controls' ><a href='#prev' class='prev-slide ' aria-hidden='true' data-av_icon='\ue87c' data-av_iconfont='entypo-fontello'  tabindex='-1'>Anterior<\/a><a href='#next' class='next-slide ' aria-hidden='true' data-av_icon='\ue87d' data-av_iconfont='entypo-fontello'  tabindex='-1'>Posterior<\/a><\/div><\/div><\/div>\n<div  class='flex_column av-2va4wu-7dda9ea1e555ccbc53d80e05d1fc5692 av_one_half  avia-builder-el-2  el_after_av_two_fifth  avia-builder-el-last  flex_column_div  '     ><p>\n<style type=\"text\/css\" data-created_by=\"avia_inline_auto\" id=\"style-css-av-ll19p41e-85a056146a49cd59eab4a55f97e3130a\">\n#top .av-special-heading.av-ll19p41e-85a056146a49cd59eab4a55f97e3130a{\npadding-bottom:10px;\n}\nbody .av-special-heading.av-ll19p41e-85a056146a49cd59eab4a55f97e3130a .av-special-heading-tag .heading-char{\nfont-size:25px;\n}\n.av-special-heading.av-ll19p41e-85a056146a49cd59eab4a55f97e3130a .av-subheading{\nfont-size:15px;\n}\n<\/style>\n<div  class='av-special-heading av-ll19p41e-85a056146a49cd59eab4a55f97e3130a av-special-heading-h2 blockquote modern-quote  avia-builder-el-3  el_before_av_textblock  avia-builder-el-first '><h2 class='av-special-heading-tag'  itemprop=\"headline\"  >ATOMIC<\/h2><div class=\"special-heading-border\"><div class=\"special-heading-inner-border\"><\/div><\/div><\/div><br \/>\n\n<style type=\"text\/css\" data-created_by=\"avia_inline_auto\" id=\"style-css-av-ll1a3uf1-0031e33240ff7d017ed47e5bba6f754c\">\n#top .av_textblock_section.av-ll1a3uf1-0031e33240ff7d017ed47e5bba6f754c .avia_textblock{\nfont-size:18px;\n}\n<\/style>\n<section  class='av_textblock_section av-ll1a3uf1-0031e33240ff7d017ed47e5bba6f754c '   itemscope=\"itemscope\" itemtype=\"https:\/\/schema.org\/CreativeWork\" ><div class='avia_textblock'  itemprop=\"text\" ><p>Esta rosa se caracteriza por ser bicolor, es muy vers\u00e1til, es una gran combinaci\u00f3n en cualquier arreglo floral, usada en las bodas de oto\u00f1o.<\/p>\n<p>COLOR: Naranja y Rojo<br \/>\nMEDIDAS (CM): <span style=\"font-weight: 400;\">50-60-70-80-90<\/span><br \/>\nD\u00cdAS EN EL FLORERO: 10-14<br \/>\nP\u00c9TALOS: 40<\/p>\n<\/div><\/section><\/p><\/div>\n","protected":false},"excerpt":{"rendered":"","protected":false},"featured_media":3375,"template":"","meta":[],"product_cat":[35],"product_tag":[],"_links":{"self":[{"href":"https:\/\/www.jardinor.com.ec\/inicio\/wp-json\/wp\/v2\/product\/3374"}],"collection":[{"href":"https:\/\/www.jardinor.com.ec\/inicio\/wp-json\/wp\/v2\/product"}],"about":[{"href":"https:\/\/www.jardinor.com.ec\/inicio\/wp-json\/wp\/v2\/types\/product"}],"wp:featuredmedia":[{"embeddable":true,"href":"https:\/\/www.jardinor.com.ec\/inicio\/wp-json\/wp\/v2\/media\/3375"}],"wp:attachment":[{"href":"https:\/\/www.jardinor.com.ec\/inicio\/wp-json\/wp\/v2\/media?parent=3374"}],"wp:term":[{"taxonomy":"product_cat","embeddable":true,"href":"https:\/\/www.jardinor.com.ec\/inicio\/wp-json\/wp\/v2\/product_cat?post=3374"},{"taxonomy":"product_tag","embeddable":true,"href":"https:\/\/www.jardinor.com.ec\/inicio\/wp-json\/wp\/v2\/product_tag?post=3374"}],"curies":[{"name":"wp","href":"https:\/\/api.w.org\/{rel}","templated":true}]}}